{"id":344,"date":"2009-04-28T23:41:55","date_gmt":"2009-04-29T02:41:55","guid":{"rendered":"http:\/\/www.elkindeco.com\/web\/quienes-somos\/nosotros"},"modified":"2011-04-16T11:52:02","modified_gmt":"2011-04-16T14:52:02","slug":"nosotros","status":"publish","type":"page","link":"https:\/\/www.elkindeco.com\/?page_id=344","title":{"rendered":"nosotros"},"content":{"rendered":"<p><strong><\/strong><\/p>\n<p align=\"justify\"><strong><\/strong><\/p>\n<p><strong>Namaste, visitante! <\/strong><\/p>\n<p>Queremos darte la bienvenida a nuestro rinc\u00f3n en Internet.&#160; Somos una empresa joven dedicada a la comercializaci\u00f3n de antig\u00fcedades y objetos de arte y dise\u00f1o de todo tipo.&#160; Amamos lo que hacemos, y eso se demuestra en la pasi\u00f3n que ponemos en cada una de nuestras operaciones.<\/p>\n<p>Contamos con dos amplios show-rooms con m\u00e1s de <strong><font size=\"4\">1000m2 <\/font><\/strong>de mercader\u00eda en exposici\u00f3n en los que podr\u00e1s encontrar la mas amplia cantidad de art\u00edculos especialmente seleccionados para satisfacer los requirimientos de nuestros clientes.<\/p>\n<p>Todas las semanas entra la mas variada colecci\u00f3n de art\u00edculos, por lo que en este sitio s\u00f3lo vas a encontrar una peque\u00f1a fracci\u00f3n representativa del tipo de piezas que tenemos a la venta.<\/p>\n<p>Somos el espacio ideal para que decoradores o arquitectos puedan encontrar lo que necesitan para sus proyectos. Reconocidas marcas de ropa, restaurantes, bares y famosas productoras de cine o televisi\u00f3n nos eligen mes a mes para abastecer nuevas locaciones o empredimientos.<\/p>\n<p><img loading=\"lazy\" decoding=\"async\" style=\"border-right-width: 0px; display: inline; border-top-width: 0px; border-bottom-width: 0px; border-left-width: 0px\" title=\"Ideas Del Sur Producciones\" border=\"0\" alt=\"Ideas Del Sur Producciones\" src=\"http:\/\/www.elkindeco.com\/web\/wp-content\/uploads\/2009\/04\/ideas-del-sur1.jpg\" width=\"117\" height=\"63\" \/>&#160; <img loading=\"lazy\" decoding=\"async\" style=\"border-right-width: 0px; display: inline; border-top-width: 0px; border-bottom-width: 0px; border-left-width: 0px\" title=\"Pol-ka Producciones\" border=\"0\" alt=\"Pol-ka Producciones\" src=\"http:\/\/www.elkindeco.com\/web\/wp-content\/uploads\/2009\/04\/polka3.png\" width=\"102\" height=\"41\" \/>&#160;  <img loading=\"lazy\" decoding=\"async\" style=\"border-right-width: 0px; display: inline; border-top-width: 0px; border-bottom-width: 0px; border-left-width: 0px\" title=\"underground contenidos\" border=\"0\" alt=\"underground contenidos\" src=\"http:\/\/www.elkindeco.com\/web\/wp-content\/uploads\/2010\/08\/underground11.png\" width=\"84\" height=\"63\" \/>&#160; <img loading=\"lazy\" decoding=\"async\" style=\"border-right-width: 0px; display: inline; border-top-width: 0px; border-bottom-width: 0px; border-left-width: 0px\" title=\"Eyeworks cuatro cabezas\" border=\"0\" alt=\"Eyeworks_thumb\" src=\"http:\/\/www.elkindeco.com\/web\/wp-content\/uploads\/2011\/04\/Eyeworks_thumb_thumb.png\" width=\"162\" height=\"63\" \/>&#160; <img loading=\"lazy\" decoding=\"async\" style=\"border-right-width: 0px; display: inline; border-top-width: 0px; border-bottom-width: 0px; border-left-width: 0px\" title=\"Allo-Martinez\" border=\"0\" alt=\"allomartinez_thumb\" src=\"http:\/\/www.elkindeco.com\/web\/wp-content\/uploads\/2011\/04\/allomartinez_thumb_thumb.png\" width=\"201\" height=\"52\" \/>&#160;<\/p>\n<p><img loading=\"lazy\" decoding=\"async\" style=\"border-right-width: 0px; display: inline; border-top-width: 0px; border-bottom-width: 0px; border-left-width: 0px\" title=\"sweet\" border=\"0\" alt=\"sweet\" src=\"http:\/\/www.elkindeco.com\/web\/wp-content\/uploads\/2011\/04\/sweet_thumb.png\" width=\"200\" height=\"43\" \/>&#160;&#160;&#160;&#160;  <img loading=\"lazy\" decoding=\"async\" border=\"0\" src=\"http:\/\/www.elkindeco.com\/web\/wp-content\/uploads\/2010\/11\/wanama.png\" width=\"223\" height=\"47\" \/>&#160;&#160;&#160; <img loading=\"lazy\" decoding=\"async\" style=\"border-right-width: 0px; display: inline; border-top-width: 0px; border-bottom-width: 0px; border-left-width: 0px\" title=\"cheeky\" border=\"0\" alt=\"cheeky\" src=\"http:\/\/www.elkindeco.com\/web\/wp-content\/uploads\/2011\/04\/cheeky_thumb1.png\" width=\"238\" height=\"50\" \/><\/p>\n<p>Te invitamos a que nos visites para perderte en un mar de muebles y objetos que esperan, impacientes, ser descubiertos por su nuevo due\u00f1o \ud83d\ude42<\/p>\n","protected":false},"excerpt":{"rendered":"<p>Namaste, visitante! Queremos darte la bienvenida a nuestro rinc\u00f3n en Internet.&#160; Somos una empresa joven dedicada a la comercializaci\u00f3n de antig\u00fcedades y objetos de arte y dise\u00f1o de todo tipo.&#160; Amamos lo que hacemos, y eso se demuestra en la pasi\u00f3n que ponemos en cada una de nuestras operaciones. Contamos con dos amplios show-rooms con [&hellip;]<\/p>\n","protected":false},"author":1,"featured_media":0,"parent":93,"menu_order":0,"comment_status":"open","ping_status":"open","template":"","meta":{"footnotes":""},"class_list":["post-344","page","type-page","status-publish","hentry"],"_links":{"self":[{"href":"https:\/\/www.elkindeco.com\/index.php?rest_route=\/wp\/v2\/pages\/344","targetHints":{"allow":["GET"]}}],"collection":[{"href":"https:\/\/www.elkindeco.com\/index.php?rest_route=\/wp\/v2\/pages"}],"about":[{"href":"https:\/\/www.elkindeco.com\/index.php?rest_route=\/wp\/v2\/types\/page"}],"author":[{"embeddable":true,"href":"https:\/\/www.elkindeco.com\/index.php?rest_route=\/wp\/v2\/users\/1"}],"replies":[{"embeddable":true,"href":"https:\/\/www.elkindeco.com\/index.php?rest_route=%2Fwp%2Fv2%2Fcomments&post=344"}],"version-history":[{"count":0,"href":"https:\/\/www.elkindeco.com\/index.php?rest_route=\/wp\/v2\/pages\/344\/revisions"}],"up":[{"embeddable":true,"href":"https:\/\/www.elkindeco.com\/index.php?rest_route=\/wp\/v2\/pages\/93"}],"wp:attachment":[{"href":"https:\/\/www.elkindeco.com\/index.php?rest_route=%2Fwp%2Fv2%2Fmedia&parent=344"}],"curies":[{"name":"wp","href":"https:\/\/api.w.org\/{rel}","templated":true}]}}